{"id":55,"date":"2015-01-20T17:33:54","date_gmt":"2015-01-20T17:33:54","guid":{"rendered":"http:\/\/www.edeidadeslugo.org\/?page_id=55"},"modified":"2023-10-31T12:59:44","modified_gmt":"2023-10-31T11:59:44","slug":"o-noso-equipo","status":"publish","type":"page","link":"https:\/\/www.edeidadeslugo.org\/?page_id=55","title":{"rendered":"O Noso Equipo"},"content":{"rendered":"<div id=\"su_slider_6a08f575c71e1\" class=\"su-slider su-slider-centered su-slider-pages-no su-slider-responsive-no\" style=\"width:960px;height:100px\" data-autoplay=\"8000\" data-speed=\"2500\" data-mousewheel=\"false\"><div class=\"su-slider-slides\"><div class=\"su-slider-slide\"><a><img src=\"https:\/\/www.edeidadeslugo.org\/wp-content\/uploads\/2015\/01\/mini-banner-10-960x100.png\" alt=\"mini-banner-10\" \/><\/a><\/div><div class=\"su-slider-slide\"><a><img src=\"https:\/\/www.edeidadeslugo.org\/wp-content\/uploads\/2015\/01\/mini-banner-07-960x100.png\" alt=\"mini-banner-07\" \/><\/a><\/div><div class=\"su-slider-slide\"><a><img src=\"https:\/\/www.edeidadeslugo.org\/wp-content\/uploads\/2015\/01\/mini-banner-06-2-960x100.png\" alt=\"mini-banner-06-2\" \/><\/a><\/div><div class=\"su-slider-slide\"><a><img src=\"https:\/\/www.edeidadeslugo.org\/wp-content\/uploads\/2015\/01\/mini-banner-06-1-960x100.png\" alt=\"mini-banner-06-1\" \/><\/a><\/div><div class=\"su-slider-slide\"><a><img src=\"https:\/\/www.edeidadeslugo.org\/wp-content\/uploads\/2015\/01\/mini-banner-03-960x100.png\" alt=\"mini-banner-03\" \/><\/a><\/div><div class=\"su-slider-slide\"><a><img src=\"https:\/\/www.edeidadeslugo.org\/wp-content\/uploads\/2015\/01\/mini-banner-05-960x100.png\" alt=\"mini-banner-05\" \/><\/a><\/div><div class=\"su-slider-slide\"><a><img src=\"https:\/\/www.edeidadeslugo.org\/wp-content\/uploads\/2015\/01\/mini-banner-02-960x100.png\" alt=\"mini-banner-02\" \/><\/a><\/div><div class=\"su-slider-slide\"><a><img src=\"https:\/\/www.edeidadeslugo.org\/wp-content\/uploads\/2015\/01\/mini-banner-01-960x100.png\" alt=\"mini-banner-01\" \/><\/a><\/div><div class=\"su-slider-slide\"><a><img src=\"https:\/\/www.edeidadeslugo.org\/wp-content\/uploads\/2015\/01\/edeidadeslugo-cinta2-960x100.png\" alt=\"edeidadeslugo-cinta2\" \/><\/a><\/div><div class=\"su-slider-slide\"><a><img src=\"https:\/\/www.edeidadeslugo.org\/wp-content\/uploads\/2015\/01\/edeidadeslugo-cinta-960x100.png\" alt=\"edeidadeslugo-cinta\" \/><\/a><\/div><\/div><div class=\"su-slider-nav\"><div class=\"su-slider-pagination\"><\/div><\/div><\/div>\n<div class=\"su-row\">\n<div class=\"su-column su-column-size-1-3\"><div class=\"su-column-inner su-u-clearfix su-u-trim\">\n<h2>A asociaci\u00f3n<\/h2>\n<p>Descobre en detalle a nosa asociaci\u00f3n, os que somos e a que nos dedicamos.<\/p>\n<\/div><\/div>\n<div class=\"su-column su-column-size-2-3\"><div class=\"su-column-inner su-u-clearfix su-u-trim\">\n<h3>O noso equipo<\/h3>\n<p>A asociaci\u00f3n <strong>Edeidades<\/strong> est\u00e1 integrada en <strong>AELU<\/strong>, polo que a sinerxias son cont\u00ednuas. O n\u00famero de asociadas son de <strong>110 mulleres<\/strong>.<\/p>\n<p>O equipo de <strong>Edeidades<\/strong> son:<\/p>\n<p style=\"padding-left: 30px;\"><strong>Presidenta:<\/strong> Beatriz Varela Regueira.<\/p>\n<p style=\"padding-left: 30px;\"><strong>Vicepresidenta:<\/strong> M\u00f3nica P\u00e9rez P\u00e9rez.<\/p>\n<p style=\"padding-left: 30px;\"><strong>Secretaria:<\/strong> Teresa V\u00e1zquez Ser\u00e9n.<\/p>\n<p style=\"padding-left: 30px;\"><strong>Tesoreira:<\/strong> Nieves Gallardo Mart\u00ednez.<\/p>\n<p style=\"padding-left: 30px;\"><strong>Vogais:<\/strong><\/p>\n<ul>\n<li style=\"list-style-type: none;\">\n<ul>\n<li>Ana Mar\u00eda L\u00f3pez Su\u00e1rez.<\/li>\n<li>Consuelo Lamela D\u00edaz.<\/li>\n<li>Mar\u00eda Dolores Portela Souto.<\/li>\n<li>Leticia Seara Losada.<\/li>\n<\/ul>\n<\/li>\n<\/ul>\n<p>Colaboradores:<\/p>\n<ul>\n<li><strong>XUNTA DE GALICIA<\/strong> \u00b7 Vicepresidencia e Conseller\u00eda de Presidencia, Administraci\u00f3ns P\u00fablicas e Xustiza \u00b7 Secretar\u00eda Xeral da Igualdade \u00b7 <a title=\"XUNTA DE GALICIA \u00b7 Vicepresidencia e Conseller\u00eda de Presidencia, Administraci\u00f3ns P\u00fablicas e Xustiza \u00b7 Secretar\u00eda Xeral da Igualdade\" href=\"http:\/\/igualdade.xunta.es\" target=\"_blank\" rel=\"noopener\">igualdade.xunta.es<\/a><\/li>\n<li><strong>AELU<\/strong> \u00b7 Asociaci\u00f3n de Empresarias da Provincia de Lugo \u00b7 <a title=\"AELU \u00b7 Asociaci\u00f3n de Empresarias da Provincia de Lugo\" href=\"http:\/\/www.empresariaslugo.org\" target=\"_blank\" rel=\"noopener\">www.empresariaslugo.org<\/a><\/li>\n<\/ul>\n<h4><a title=\"Qu\u00e9 facemos\" href=\"https:\/\/www.edeidadeslugo.org\/?page_id=27\">Qu\u00e9 facemos &gt;<\/a><\/h4>\n<\/div><\/div>\n<\/div>\n","protected":false},"excerpt":{"rendered":"","protected":false},"author":1,"featured_media":0,"parent":0,"menu_order":0,"comment_status":"closed","ping_status":"open","template":"","meta":[],"_links":{"self":[{"href":"https:\/\/www.edeidadeslugo.org\/index.php?rest_route=\/wp\/v2\/pages\/55"}],"collection":[{"href":"https:\/\/www.edeidadeslugo.org\/index.php?rest_route=\/wp\/v2\/pages"}],"about":[{"href":"https:\/\/www.edeidadeslugo.org\/index.php?rest_route=\/wp\/v2\/types\/page"}],"author":[{"embeddable":true,"href":"https:\/\/www.edeidadeslugo.org\/index.php?rest_route=\/wp\/v2\/users\/1"}],"replies":[{"embeddable":true,"href":"https:\/\/www.edeidadeslugo.org\/index.php?rest_route=%2Fwp%2Fv2%2Fcomments&post=55"}],"version-history":[{"count":23,"href":"https:\/\/www.edeidadeslugo.org\/index.php?rest_route=\/wp\/v2\/pages\/55\/revisions"}],"predecessor-version":[{"id":3071,"href":"https:\/\/www.edeidadeslugo.org\/index.php?rest_route=\/wp\/v2\/pages\/55\/revisions\/3071"}],"wp:attachment":[{"href":"https:\/\/www.edeidadeslugo.org\/index.php?rest_route=%2Fwp%2Fv2%2Fmedia&parent=55"}],"curies":[{"name":"wp","href":"https:\/\/api.w.org\/{rel}","templated":true}]}}