{"id":51,"date":"2015-01-20T17:33:33","date_gmt":"2015-01-20T17:33:33","guid":{"rendered":"http:\/\/www.edeidadeslugo.org\/?page_id=51"},"modified":"2015-01-21T15:37:21","modified_gmt":"2015-01-21T15:37:21","slug":"mision-e-vision","status":"publish","type":"page","link":"https:\/\/www.edeidadeslugo.org\/?page_id=51","title":{"rendered":"Misi\u00f3n e Visi\u00f3n"},"content":{"rendered":"<div id=\"su_slider_69e4676eb1634\" class=\"su-slider su-slider-centered su-slider-pages-no su-slider-responsive-no\" style=\"width:960px;height:100px\" data-autoplay=\"8000\" data-speed=\"2500\" data-mousewheel=\"false\"><div class=\"su-slider-slides\"><div class=\"su-slider-slide\"><a><img src=\"https:\/\/www.edeidadeslugo.org\/wp-content\/uploads\/2015\/01\/mini-banner-10-960x100.png\" alt=\"mini-banner-10\" \/><\/a><\/div><div class=\"su-slider-slide\"><a><img src=\"https:\/\/www.edeidadeslugo.org\/wp-content\/uploads\/2015\/01\/mini-banner-07-960x100.png\" alt=\"mini-banner-07\" \/><\/a><\/div><div class=\"su-slider-slide\"><a><img src=\"https:\/\/www.edeidadeslugo.org\/wp-content\/uploads\/2015\/01\/mini-banner-06-2-960x100.png\" alt=\"mini-banner-06-2\" \/><\/a><\/div><div class=\"su-slider-slide\"><a><img src=\"https:\/\/www.edeidadeslugo.org\/wp-content\/uploads\/2015\/01\/mini-banner-06-1-960x100.png\" alt=\"mini-banner-06-1\" \/><\/a><\/div><div class=\"su-slider-slide\"><a><img src=\"https:\/\/www.edeidadeslugo.org\/wp-content\/uploads\/2015\/01\/mini-banner-03-960x100.png\" alt=\"mini-banner-03\" \/><\/a><\/div><div class=\"su-slider-slide\"><a><img src=\"https:\/\/www.edeidadeslugo.org\/wp-content\/uploads\/2015\/01\/mini-banner-05-960x100.png\" alt=\"mini-banner-05\" \/><\/a><\/div><div class=\"su-slider-slide\"><a><img src=\"https:\/\/www.edeidadeslugo.org\/wp-content\/uploads\/2015\/01\/mini-banner-02-960x100.png\" alt=\"mini-banner-02\" \/><\/a><\/div><div class=\"su-slider-slide\"><a><img src=\"https:\/\/www.edeidadeslugo.org\/wp-content\/uploads\/2015\/01\/mini-banner-01-960x100.png\" alt=\"mini-banner-01\" \/><\/a><\/div><div class=\"su-slider-slide\"><a><img src=\"https:\/\/www.edeidadeslugo.org\/wp-content\/uploads\/2015\/01\/edeidadeslugo-cinta2-960x100.png\" alt=\"edeidadeslugo-cinta2\" \/><\/a><\/div><div class=\"su-slider-slide\"><a><img src=\"https:\/\/www.edeidadeslugo.org\/wp-content\/uploads\/2015\/01\/edeidadeslugo-cinta-960x100.png\" alt=\"edeidadeslugo-cinta\" \/><\/a><\/div><\/div><div class=\"su-slider-nav\"><div class=\"su-slider-pagination\"><\/div><\/div><\/div>\n<div class=\"su-row\">\n<div class=\"su-column su-column-size-1-3\"><div class=\"su-column-inner su-u-clearfix su-u-trim\">\n<h2>A asociaci\u00f3n<\/h2>\n<p>Descobre en detalle a nosa asociaci\u00f3n, os que somos e a que nos dedicamos.<\/p>\n<\/div><\/div>\n<div class=\"su-column su-column-size-2-3\"><div class=\"su-column-inner su-u-clearfix su-u-trim\">\n<h3>Misi\u00f3n e Visi\u00f3n<\/h3>\n<p>A misi\u00f3n principal de <strong>EDEIDADES<\/strong> e a formaci\u00f3n e sensibilizaci\u00f3n da sociedade para <strong>erradicar a Violencia de X\u00e9nero e a loita pola IGUALDADE<\/strong> en t\u00f3dolos \u00e1mbitos: educaci\u00f3n, laboral, empresarial, familiar e social.<\/p>\n<p>Os fins da asociaci\u00f3n son os seguintes:<\/p>\n<ul>\n<li>Fortalecer as iniciativas de participaci\u00f3n social e pol\u00edtica das mulleres.<\/li>\n<li>Intervir a favor da prevenci\u00f3n e erradicaci\u00f3n da violencia de x\u00e9nero.<\/li>\n<li>Mellorar a posici\u00f3n das mulleres no mercado laboral tanto no plano empresarial, como no traballo por conta allea, en t\u00f3dolos \u00e1mbitos, inclu\u00eddo o rural.<\/li>\n<li>Contribu\u00edr \u00e1 integraci\u00f3n da igualdade de oportunidades no funcionamento do mercado laboral e no desenvolvemento das relaci\u00f3n laborais.<\/li>\n<li>Fomentar unha educaci\u00f3n e formaci\u00f3n desde a igualdade e exenta de estereotipos sexistas.<\/li>\n<li>Apoiar a protecci\u00f3n e a defensa dos dereitos hum\u00e1ns das mulleres en todolos \u00e1mbitos, supervisando o seu respecto e impulsando a denuncia e reparaci\u00f3n de ditos abusos contra os mesmos que se cometan.<\/li>\n<li>Fomentar o co\u00f1ecemento social e o an\u00e1lise da realidade das mulleres, dos programas espec\u00edficos dirixidos a elas en calquera dos \u00e1mbitos socias e das entidades e instituci\u00f3ns que contrib\u00faen \u00e1 igualdade de oportunidades.<\/li>\n<li>Contribu\u00edr \u00e1 integraci\u00f3n dos obxectivos da igualdade de oportunidades entre mulleres e homes nas pol\u00edticas e \u00f3 desenvolvemento da perspectiva de x\u00e9nero nos diferentes \u00e1mbitos sociais, econ\u00f3micos e pol\u00edticos.<\/li>\n<li>Colaborar coas diferentes administraci\u00f3ns p\u00fablicas para promover a igualdade de oportunidades.<\/li>\n<li>Levar a cabo iniciativas e a acci\u00f3n necesarias para o reco\u00f1\u00f3cemento dos dereitos da Muller en canto inciden na s\u00faa actividade empresarial e social e eliminar toda diferenza discriminatoria.<\/li>\n<li>Fomentar a formaci\u00f3n, asistencia social, profesional, a conciliaci\u00f3n laboral e familiar, e a promoci\u00f3n da muller aut\u00f3noma, da muller emprendedora\u00a0 e da muller empresaria en t\u00f3dolos \u00e1mbitos, inclu\u00eddo o rural.<\/li>\n<li>A realizaci\u00f3n de actuaci\u00f3ns para a difusi\u00f3n e formaci\u00f3n relacionadas co desenrolo e implantaci\u00f3n da sociedade da informaci\u00f3n.<\/li>\n<li>Potenciar o esp\u00edrito cooperativo, estimulando a colaboraci\u00f3n e axuda entre as asociadas.<\/li>\n<li>Organizar conferencias, programas de formaci\u00f3n e tutorizaci\u00f3n, cursillos, seminarios, congresos e dem\u00e1is actos que fomenten o estudio de temas econ\u00f3micos, sociais e da producci\u00f3n de inter\u00e9s para as asociadas.<\/li>\n<li>A impartici\u00f3n de todo tipo de cursos e programas de integraci\u00f3n social e laboral, en especial os orientados \u00e1 promoci\u00f3n laboral e social da muller tales como impartici\u00f3n de cursos a reclusas, inmigrantes, mulleres v\u00edctimas de violencia de x\u00e9nero e mulleres en risco de exclusi\u00f3n social.<\/li>\n<li>En xeral, calquera outro fin relacinado coa integraci\u00f3n laboral e social da muller.<\/li>\n<\/ul>\n<h4><a title=\"Os Nosos Valores\" href=\"https:\/\/www.edeidadeslugo.org\/?page_id=53\">Os Nosos Valores &gt;<\/a><\/h4>\n<\/div><\/div>\n<\/div>\n","protected":false},"excerpt":{"rendered":"","protected":false},"author":1,"featured_media":0,"parent":0,"menu_order":0,"comment_status":"closed","ping_status":"open","template":"","meta":[],"_links":{"self":[{"href":"https:\/\/www.edeidadeslugo.org\/index.php?rest_route=\/wp\/v2\/pages\/51"}],"collection":[{"href":"https:\/\/www.edeidadeslugo.org\/index.php?rest_route=\/wp\/v2\/pages"}],"about":[{"href":"https:\/\/www.edeidadeslugo.org\/index.php?rest_route=\/wp\/v2\/types\/page"}],"author":[{"embeddable":true,"href":"https:\/\/www.edeidadeslugo.org\/index.php?rest_route=\/wp\/v2\/users\/1"}],"replies":[{"embeddable":true,"href":"https:\/\/www.edeidadeslugo.org\/index.php?rest_route=%2Fwp%2Fv2%2Fcomments&post=51"}],"version-history":[{"count":11,"href":"https:\/\/www.edeidadeslugo.org\/index.php?rest_route=\/wp\/v2\/pages\/51\/revisions"}],"predecessor-version":[{"id":240,"href":"https:\/\/www.edeidadeslugo.org\/index.php?rest_route=\/wp\/v2\/pages\/51\/revisions\/240"}],"wp:attachment":[{"href":"https:\/\/www.edeidadeslugo.org\/index.php?rest_route=%2Fwp%2Fv2%2Fmedia&parent=51"}],"curies":[{"name":"wp","href":"https:\/\/api.w.org\/{rel}","templated":true}]}}