{"id":48,"date":"2015-01-20T17:23:01","date_gmt":"2015-01-20T17:23:01","guid":{"rendered":"http:\/\/www.edeidadeslugo.org\/?page_id=48"},"modified":"2019-07-02T10:39:44","modified_gmt":"2019-07-02T10:39:44","slug":"a-nosa-historia","status":"publish","type":"page","link":"https:\/\/www.edeidadeslugo.org\/?page_id=48","title":{"rendered":"A Nosa Historia"},"content":{"rendered":"<div id=\"su_slider_69e44b6884859\" class=\"su-slider su-slider-centered su-slider-pages-no su-slider-responsive-no\" style=\"width:960px;height:100px\" data-autoplay=\"8000\" data-speed=\"2500\" data-mousewheel=\"false\"><div class=\"su-slider-slides\"><div class=\"su-slider-slide\"><a><img src=\"https:\/\/www.edeidadeslugo.org\/wp-content\/uploads\/2015\/01\/mini-banner-10-960x100.png\" alt=\"mini-banner-10\" \/><\/a><\/div><div class=\"su-slider-slide\"><a><img src=\"https:\/\/www.edeidadeslugo.org\/wp-content\/uploads\/2015\/01\/mini-banner-07-960x100.png\" alt=\"mini-banner-07\" \/><\/a><\/div><div class=\"su-slider-slide\"><a><img src=\"https:\/\/www.edeidadeslugo.org\/wp-content\/uploads\/2015\/01\/mini-banner-06-2-960x100.png\" alt=\"mini-banner-06-2\" \/><\/a><\/div><div class=\"su-slider-slide\"><a><img src=\"https:\/\/www.edeidadeslugo.org\/wp-content\/uploads\/2015\/01\/mini-banner-06-1-960x100.png\" alt=\"mini-banner-06-1\" \/><\/a><\/div><div class=\"su-slider-slide\"><a><img src=\"https:\/\/www.edeidadeslugo.org\/wp-content\/uploads\/2015\/01\/mini-banner-03-960x100.png\" alt=\"mini-banner-03\" \/><\/a><\/div><div class=\"su-slider-slide\"><a><img src=\"https:\/\/www.edeidadeslugo.org\/wp-content\/uploads\/2015\/01\/mini-banner-05-960x100.png\" alt=\"mini-banner-05\" \/><\/a><\/div><div class=\"su-slider-slide\"><a><img src=\"https:\/\/www.edeidadeslugo.org\/wp-content\/uploads\/2015\/01\/mini-banner-02-960x100.png\" alt=\"mini-banner-02\" \/><\/a><\/div><div class=\"su-slider-slide\"><a><img src=\"https:\/\/www.edeidadeslugo.org\/wp-content\/uploads\/2015\/01\/mini-banner-01-960x100.png\" alt=\"mini-banner-01\" \/><\/a><\/div><div class=\"su-slider-slide\"><a><img src=\"https:\/\/www.edeidadeslugo.org\/wp-content\/uploads\/2015\/01\/edeidadeslugo-cinta2-960x100.png\" alt=\"edeidadeslugo-cinta2\" \/><\/a><\/div><div class=\"su-slider-slide\"><a><img src=\"https:\/\/www.edeidadeslugo.org\/wp-content\/uploads\/2015\/01\/edeidadeslugo-cinta-960x100.png\" alt=\"edeidadeslugo-cinta\" \/><\/a><\/div><\/div><div class=\"su-slider-nav\"><div class=\"su-slider-pagination\"><\/div><\/div><\/div>\n<div class=\"su-row\">\n<div class=\"su-column su-column-size-1-3\"><div class=\"su-column-inner su-u-clearfix su-u-trim\">\n<h2>A asociaci\u00f3n<\/h2>\n<p>Descobre en detalle a nosa asociaci\u00f3n, os que somos e a que nos dedicamos.<\/p>\n<\/div><\/div>\n<div class=\"su-column su-column-size-2-3\"><div class=\"su-column-inner su-u-clearfix su-u-trim\">\n<h3>A nosa historia<\/h3>\n<p>A <strong>\u201cAsociaci\u00f3n E-DEID@DES, para a integraci\u00f3n laboral e social da muller\u201d<\/strong> \u00e9 unha asociaci\u00f3n sen \u00e1nimo de lucro das previstas na Lei org\u00e1nica 1\/2002 do 22 de marzo reguladora do dereito de asociaci\u00f3n.<\/p>\n<p>A asociaci\u00f3n foi creada en xu\u00f1o do 2012, en colaboraci\u00f3n con <a href=\"http:\/\/www.empresariaslugo.org\" target=\"_blank\"><strong>AELU<\/strong> <\/a>(Asociaci\u00f3n de Mulleres Empresarias da Provincia de Lugo) que xa ten 27 anos.<\/p>\n<p>Ambas asociaci\u00f3ns te\u00f1en un prop\u00f3sito com\u00fan \u201capoiar a muller na s\u00faa plena integraci\u00f3n na sociedade\u201d:<\/p>\n<ul>\n<li><strong>AELU<\/strong>, faino dende o punto de vista de apoio a muller empresaria e emprendedora.<\/li>\n<li><strong>EDEIDADES<\/strong>, faino dende o punto de vista da formaci\u00f3n e sensibilizaci\u00f3n da sociedade para a erradicaci\u00f3n da violencia de x\u00e9nero e a loita pola IGUALDADE.<\/li>\n<\/ul>\n<h4><a title=\"Misi\u00f3n e Visi\u00f3n\" href=\"https:\/\/www.edeidadeslugo.org\/?page_id=51\">Misi\u00f3n e Valor &gt;<\/a><\/h4>\n<\/div><\/div>\n<\/div>\n","protected":false},"excerpt":{"rendered":"","protected":false},"author":1,"featured_media":0,"parent":0,"menu_order":0,"comment_status":"closed","ping_status":"open","template":"","meta":[],"_links":{"self":[{"href":"https:\/\/www.edeidadeslugo.org\/index.php?rest_route=\/wp\/v2\/pages\/48"}],"collection":[{"href":"https:\/\/www.edeidadeslugo.org\/index.php?rest_route=\/wp\/v2\/pages"}],"about":[{"href":"https:\/\/www.edeidadeslugo.org\/index.php?rest_route=\/wp\/v2\/types\/page"}],"author":[{"embeddable":true,"href":"https:\/\/www.edeidadeslugo.org\/index.php?rest_route=\/wp\/v2\/users\/1"}],"replies":[{"embeddable":true,"href":"https:\/\/www.edeidadeslugo.org\/index.php?rest_route=%2Fwp%2Fv2%2Fcomments&post=48"}],"version-history":[{"count":31,"href":"https:\/\/www.edeidadeslugo.org\/index.php?rest_route=\/wp\/v2\/pages\/48\/revisions"}],"predecessor-version":[{"id":3022,"href":"https:\/\/www.edeidadeslugo.org\/index.php?rest_route=\/wp\/v2\/pages\/48\/revisions\/3022"}],"wp:attachment":[{"href":"https:\/\/www.edeidadeslugo.org\/index.php?rest_route=%2Fwp%2Fv2%2Fmedia&parent=48"}],"curies":[{"name":"wp","href":"https:\/\/api.w.org\/{rel}","templated":true}]}}