{"id":38,"date":"2015-01-20T16:36:18","date_gmt":"2015-01-20T16:36:18","guid":{"rendered":"http:\/\/www.edeidadeslugo.org\/?page_id=38"},"modified":"2019-07-02T10:39:44","modified_gmt":"2019-07-02T10:39:44","slug":"contacto","status":"publish","type":"page","link":"https:\/\/www.edeidadeslugo.org\/?page_id=38","title":{"rendered":"Contacto"},"content":{"rendered":"<div id=\"su_slider_69e8e027d70b6\" class=\"su-slider su-slider-centered su-slider-pages-no su-slider-responsive-no\" style=\"width:960px;height:100px\" data-autoplay=\"8000\" data-speed=\"2500\" data-mousewheel=\"false\"><div class=\"su-slider-slides\"><div class=\"su-slider-slide\"><a><img src=\"https:\/\/www.edeidadeslugo.org\/wp-content\/uploads\/2015\/01\/mini-banner-10-960x100.png\" alt=\"mini-banner-10\" \/><\/a><\/div><div class=\"su-slider-slide\"><a><img src=\"https:\/\/www.edeidadeslugo.org\/wp-content\/uploads\/2015\/01\/mini-banner-07-960x100.png\" alt=\"mini-banner-07\" \/><\/a><\/div><div class=\"su-slider-slide\"><a><img src=\"https:\/\/www.edeidadeslugo.org\/wp-content\/uploads\/2015\/01\/mini-banner-06-2-960x100.png\" alt=\"mini-banner-06-2\" \/><\/a><\/div><div class=\"su-slider-slide\"><a><img src=\"https:\/\/www.edeidadeslugo.org\/wp-content\/uploads\/2015\/01\/mini-banner-06-1-960x100.png\" alt=\"mini-banner-06-1\" \/><\/a><\/div><div class=\"su-slider-slide\"><a><img src=\"https:\/\/www.edeidadeslugo.org\/wp-content\/uploads\/2015\/01\/mini-banner-03-960x100.png\" alt=\"mini-banner-03\" \/><\/a><\/div><div class=\"su-slider-slide\"><a><img src=\"https:\/\/www.edeidadeslugo.org\/wp-content\/uploads\/2015\/01\/mini-banner-05-960x100.png\" alt=\"mini-banner-05\" \/><\/a><\/div><div class=\"su-slider-slide\"><a><img src=\"https:\/\/www.edeidadeslugo.org\/wp-content\/uploads\/2015\/01\/mini-banner-02-960x100.png\" alt=\"mini-banner-02\" \/><\/a><\/div><div class=\"su-slider-slide\"><a><img src=\"https:\/\/www.edeidadeslugo.org\/wp-content\/uploads\/2015\/01\/mini-banner-01-960x100.png\" alt=\"mini-banner-01\" \/><\/a><\/div><div class=\"su-slider-slide\"><a><img src=\"https:\/\/www.edeidadeslugo.org\/wp-content\/uploads\/2015\/01\/edeidadeslugo-cinta2-960x100.png\" alt=\"edeidadeslugo-cinta2\" \/><\/a><\/div><div class=\"su-slider-slide\"><a><img src=\"https:\/\/www.edeidadeslugo.org\/wp-content\/uploads\/2015\/01\/edeidadeslugo-cinta-960x100.png\" alt=\"edeidadeslugo-cinta\" \/><\/a><\/div><\/div><div class=\"su-slider-nav\"><div class=\"su-slider-pagination\"><\/div><\/div><\/div>\n<div class=\"su-row\">\n<div class=\"su-column su-column-size-1-3\"><div class=\"su-column-inner su-u-clearfix su-u-trim\">\n<h2>Contacta connosco<\/h2>\n<p>Tes algunha consulta ? Ponte en contacto connosco e asesorar\u00e9moste<br \/>\n&nbsp;<\/p>\n<p><strong>Edificio CEI NODUS<\/strong><br \/>\nAvda. da Coru\u00f1a, 500 &#8211; 1\u00aa pranta<br \/>\n27003 LUGO<br \/>\n982 801 518<\/p>\n<p><a href=\"mailto:edeidades@gmail.com\">edeidades@gmail.com<\/a><\/p>\n<p>&nbsp;<\/p>\n<\/div><\/div>\n<div class=\"su-column su-column-size-2-3\"><div class=\"su-column-inner su-u-clearfix su-u-trim\">\n<h3>Formulario de contacto<\/h3>\n<p>Enche o seguinte formulario e po\u00f1er\u00e9monos en contacto contigo. Se o desexas tam\u00e9n podes chamar o 982 801 518.<br \/>\n\n<div class=\"wpcf7 no-js\" id=\"wpcf7-f127-o1\" lang=\"gl-ES\" dir=\"ltr\">\n<div class=\"screen-reader-response\"><p role=\"status\" aria-live=\"polite\" aria-atomic=\"true\"><\/p> <ul><\/ul><\/div>\n<form action=\"\/index.php?rest_route=%2Fwp%2Fv2%2Fpages%2F38#wpcf7-f127-o1\" method=\"post\" class=\"wpcf7-form init\" aria-label=\"Formulario de contacto\" novalidate=\"novalidate\" data-status=\"init\">\n<div style=\"display: none;\">\n<input type=\"hidden\" name=\"_wpcf7\" value=\"127\" \/>\n<input type=\"hidden\" name=\"_wpcf7_version\" value=\"5.8.7\" \/>\n<input type=\"hidden\" name=\"_wpcf7_locale\" value=\"gl_ES\" \/>\n<input type=\"hidden\" name=\"_wpcf7_unit_tag\" value=\"wpcf7-f127-o1\" \/>\n<input type=\"hidden\" name=\"_wpcf7_container_post\" value=\"0\" \/>\n<input type=\"hidden\" name=\"_wpcf7_posted_data_hash\" value=\"\" \/>\n<\/div>\n<p>O teu nome (obrigatorio)\n<\/p>\n<p><span class=\"wpcf7-form-control-wrap\" data-name=\"your-name\"><input size=\"40\" class=\"wpcf7-form-control wpcf7-text wpcf7-validates-as-required\" aria-required=\"true\" aria-invalid=\"false\" value=\"\" type=\"text\" name=\"your-name\" \/><\/span>\n<\/p>\n<p>O teu email (obrigatorio)\n<\/p>\n<p><span class=\"wpcf7-form-control-wrap\" data-name=\"your-email\"><input size=\"40\" class=\"wpcf7-form-control wpcf7-email wpcf7-validates-as-required wpcf7-text wpcf7-validates-as-email\" aria-required=\"true\" aria-invalid=\"false\" value=\"\" type=\"email\" name=\"your-email\" \/><\/span>\n<\/p>\n<p>Asunto\n<\/p>\n<p><span class=\"wpcf7-form-control-wrap\" data-name=\"your-subject\"><input size=\"40\" class=\"wpcf7-form-control wpcf7-text\" aria-invalid=\"false\" value=\"\" type=\"text\" name=\"your-subject\" \/><\/span>\n<\/p>\n<p>A t\u00faa mensaxe\n<\/p>\n<p><span class=\"wpcf7-form-control-wrap\" data-name=\"your-message\"><textarea cols=\"40\" rows=\"10\" class=\"wpcf7-form-control wpcf7-textarea\" aria-invalid=\"false\" name=\"your-message\"><\/textarea><\/span>\n<\/p>\n<p><input class=\"wpcf7-form-control wpcf7-submit has-spinner\" type=\"submit\" value=\"Enviar\" \/>\n<\/p><div class=\"wpcf7-response-output\" aria-hidden=\"true\"><\/div>\n<\/form>\n<\/div>\n\n<h3>Onde estamos?<\/h3>\n<p>Se o desexas podes vir a vernos persoalmente. Encontraranos na primeira planta do Edificio CEI Nodus del Concello de Lugo, ao lado dos Bombeiros de Lugo.<\/p>\n<div class=\"su-gmap su-u-responsive-media-yes\"><iframe width=\"600\" height=\"400\" src=\"\/\/maps.google.com\/maps?q=Avda.%20da%20Coru%C3%B1a%20500%2C%20Lugo&amp;output=embed\" title=\"\"><\/iframe><\/div>\n<\/div><\/div>\n<\/div>\n","protected":false},"excerpt":{"rendered":"","protected":false},"author":1,"featured_media":0,"parent":0,"menu_order":0,"comment_status":"closed","ping_status":"open","template":"","meta":[],"_links":{"self":[{"href":"https:\/\/www.edeidadeslugo.org\/index.php?rest_route=\/wp\/v2\/pages\/38"}],"collection":[{"href":"https:\/\/www.edeidadeslugo.org\/index.php?rest_route=\/wp\/v2\/pages"}],"about":[{"href":"https:\/\/www.edeidadeslugo.org\/index.php?rest_route=\/wp\/v2\/types\/page"}],"author":[{"embeddable":true,"href":"https:\/\/www.edeidadeslugo.org\/index.php?rest_route=\/wp\/v2\/users\/1"}],"replies":[{"embeddable":true,"href":"https:\/\/www.edeidadeslugo.org\/index.php?rest_route=%2Fwp%2Fv2%2Fcomments&post=38"}],"version-history":[{"count":25,"href":"https:\/\/www.edeidadeslugo.org\/index.php?rest_route=\/wp\/v2\/pages\/38\/revisions"}],"predecessor-version":[{"id":2831,"href":"https:\/\/www.edeidadeslugo.org\/index.php?rest_route=\/wp\/v2\/pages\/38\/revisions\/2831"}],"wp:attachment":[{"href":"https:\/\/www.edeidadeslugo.org\/index.php?rest_route=%2Fwp%2Fv2%2Fmedia&parent=38"}],"curies":[{"name":"wp","href":"https:\/\/api.w.org\/{rel}","templated":true}]}}