{"id":27,"date":"2015-01-19T22:04:39","date_gmt":"2015-01-19T22:04:39","guid":{"rendered":"http:\/\/www.edeidadeslugo.org\/?page_id=27"},"modified":"2015-01-21T15:39:32","modified_gmt":"2015-01-21T15:39:32","slug":"que-facemos","status":"publish","type":"page","link":"https:\/\/www.edeidadeslugo.org\/?page_id=27","title":{"rendered":"Qu\u00e9 facemos"},"content":{"rendered":"<div id=\"su_slider_69e466fa8fe0a\" class=\"su-slider su-slider-centered su-slider-pages-no su-slider-responsive-no\" style=\"width:960px;height:100px\" data-autoplay=\"8000\" data-speed=\"2500\" data-mousewheel=\"false\"><div class=\"su-slider-slides\"><div class=\"su-slider-slide\"><a><img src=\"https:\/\/www.edeidadeslugo.org\/wp-content\/uploads\/2015\/01\/mini-banner-10-960x100.png\" alt=\"mini-banner-10\" \/><\/a><\/div><div class=\"su-slider-slide\"><a><img src=\"https:\/\/www.edeidadeslugo.org\/wp-content\/uploads\/2015\/01\/mini-banner-07-960x100.png\" alt=\"mini-banner-07\" \/><\/a><\/div><div class=\"su-slider-slide\"><a><img src=\"https:\/\/www.edeidadeslugo.org\/wp-content\/uploads\/2015\/01\/mini-banner-06-2-960x100.png\" alt=\"mini-banner-06-2\" \/><\/a><\/div><div class=\"su-slider-slide\"><a><img src=\"https:\/\/www.edeidadeslugo.org\/wp-content\/uploads\/2015\/01\/mini-banner-06-1-960x100.png\" alt=\"mini-banner-06-1\" \/><\/a><\/div><div class=\"su-slider-slide\"><a><img src=\"https:\/\/www.edeidadeslugo.org\/wp-content\/uploads\/2015\/01\/mini-banner-03-960x100.png\" alt=\"mini-banner-03\" \/><\/a><\/div><div class=\"su-slider-slide\"><a><img src=\"https:\/\/www.edeidadeslugo.org\/wp-content\/uploads\/2015\/01\/mini-banner-05-960x100.png\" alt=\"mini-banner-05\" \/><\/a><\/div><div class=\"su-slider-slide\"><a><img src=\"https:\/\/www.edeidadeslugo.org\/wp-content\/uploads\/2015\/01\/mini-banner-02-960x100.png\" alt=\"mini-banner-02\" \/><\/a><\/div><div class=\"su-slider-slide\"><a><img src=\"https:\/\/www.edeidadeslugo.org\/wp-content\/uploads\/2015\/01\/mini-banner-01-960x100.png\" alt=\"mini-banner-01\" \/><\/a><\/div><div class=\"su-slider-slide\"><a><img src=\"https:\/\/www.edeidadeslugo.org\/wp-content\/uploads\/2015\/01\/edeidadeslugo-cinta2-960x100.png\" alt=\"edeidadeslugo-cinta2\" \/><\/a><\/div><div class=\"su-slider-slide\"><a><img src=\"https:\/\/www.edeidadeslugo.org\/wp-content\/uploads\/2015\/01\/edeidadeslugo-cinta-960x100.png\" alt=\"edeidadeslugo-cinta\" \/><\/a><\/div><\/div><div class=\"su-slider-nav\"><div class=\"su-slider-pagination\"><\/div><\/div><\/div>\n<div class=\"su-row\">\n<div class=\"su-column su-column-size-1-3\"><div class=\"su-column-inner su-u-clearfix su-u-trim\">\n<h2>Qu\u00e9 facemos<\/h2>\n<p>Estas son as actividades que desempe\u00f1amos dende a asociaci\u00f3n.<\/p>\n<\/div><\/div>\n<div class=\"su-column su-column-size-2-3\"><div class=\"su-column-inner su-u-clearfix su-u-trim\">\n<h3>Podemos axudarte<\/h3>\n<ul>\n<li>Asesoramento laboral e profesional a mulleres para a s\u00faa integraci\u00f3n social e laboral.<\/li>\n<li>Xornadas de sensibilizaci\u00f3n para a Igualdade.<\/li>\n<li>Xornadas de formaci\u00f3n e divulgaci\u00f3n para a erradicaci\u00f3n da Violencia de X\u00e9nero.<\/li>\n<li>I, II e III Edici\u00f3n Curso Especialista en Intervenci\u00f3n con Mulleres V\u00edctimas de Violencia de X\u00e9nero, orientado a especialistas e t\u00e9cnicos de diferentes \u00e1reas.<\/li>\n<li>Mesas Redondas sobre a Violencia de X\u00e9nero e a Igualdade.<\/li>\n<li>Calquera proxecto de integraci\u00f3n social e laboral da muller.<\/li>\n<\/ul>\n<h4><a title=\"Enlaces de interese\" href=\"https:\/\/www.edeidadeslugo.org\/?page_id=36\">Enlaces de interese &gt;<\/a><\/h4>\n<\/div><\/div>\n<\/div>\n","protected":false},"excerpt":{"rendered":"","protected":false},"author":1,"featured_media":0,"parent":0,"menu_order":0,"comment_status":"closed","ping_status":"open","template":"","meta":[],"_links":{"self":[{"href":"https:\/\/www.edeidadeslugo.org\/index.php?rest_route=\/wp\/v2\/pages\/27"}],"collection":[{"href":"https:\/\/www.edeidadeslugo.org\/index.php?rest_route=\/wp\/v2\/pages"}],"about":[{"href":"https:\/\/www.edeidadeslugo.org\/index.php?rest_route=\/wp\/v2\/types\/page"}],"author":[{"embeddable":true,"href":"https:\/\/www.edeidadeslugo.org\/index.php?rest_route=\/wp\/v2\/users\/1"}],"replies":[{"embeddable":true,"href":"https:\/\/www.edeidadeslugo.org\/index.php?rest_route=%2Fwp%2Fv2%2Fcomments&post=27"}],"version-history":[{"count":9,"href":"https:\/\/www.edeidadeslugo.org\/index.php?rest_route=\/wp\/v2\/pages\/27\/revisions"}],"predecessor-version":[{"id":243,"href":"https:\/\/www.edeidadeslugo.org\/index.php?rest_route=\/wp\/v2\/pages\/27\/revisions\/243"}],"wp:attachment":[{"href":"https:\/\/www.edeidadeslugo.org\/index.php?rest_route=%2Fwp%2Fv2%2Fmedia&parent=27"}],"curies":[{"name":"wp","href":"https:\/\/api.w.org\/{rel}","templated":true}]}}